{"id":5,"date":"2014-05-30T08:42:12","date_gmt":"2014-05-30T12:42:12","guid":{"rendered":""},"modified":"2026-05-01T14:43:38","modified_gmt":"2026-05-01T18:43:38","slug":"frontpage","status":"publish","type":"page","link":"https:\/\/rayan.restaurant\/fr\/","title":{"rendered":"Page Accueil"},"content":{"rendered":"\n<h1>\n\t\t\tPoissonnerie et Restaurant<br \/>Rayan\t<\/h1>\n\t<p><em><strong>Vivez la diff\u00e9rence !<\/strong><\/em><\/p>\n\t\t\t<a href=\"https:\/\/rayan.restaurant\/fr\/menu\/\"  target=\"_self\">\n\t\t\t\t\t\t\tMenu\n\t\t\t\t\t<\/a>\n\t\t\t<a href=\"https:\/\/rayan.restaurant\/fr\/reservations\/\"  target=\"_self\">\n\t\t\t\t\t\t\tR\u00e9servez\n\t\t\t\t\t<\/a>\n<h2>\n\t\t\tUne exp\u00e9rience unique\t<\/h2>\n\t<p><strong>La poissonnerie et restaurant Rayan<\/strong> c\u00e9l\u00e9brera bient\u00f4t son 21e anniversaire. Nous offrons depuis pr\u00e8s de vingt ans une s\u00e9lection de fruits de mer de qualit\u00e9 sup\u00e9rieure et de plats raffin\u00e9s \u00e0 une client\u00e8le qui ne cesse de cro\u00eetre. Nous comptons trois succursales \u00e0 Montr\u00e9al. Venez essayer non seulement une toute nouvelle fa\u00e7on de commander vos mets mais aussi de choisir parmi nos recettes succulentes qui vous mettront l&rsquo;eau \u00e0 la bouche et feront de vous des clients fid\u00e8les.<\/p>\n\t\t\t<a href=\"https:\/\/rayan.restaurant\/fr\/reservations\/\"  target=\"_self\">\n\t\t\t\t\t\t\tR\u00e9servez\n\t\t\t\t\t<\/a>\n<figure itemscope itemtype=\"https:\/\/schema.org\/ImageObject\">\n\t\t\t\t<img decoding=\"async\" src=\"https:\/\/rayan.restaurant\/wp-content\/uploads\/2026\/04\/experience-Rayan.png\" alt=\"Photo experience Rayan\" height=\"775\" width=\"685\" title=\"experience-Rayan\" onerror=\"this.style.display='none'\" loading=\"lazy\" \/>\n\t<\/figure>\n<h2>\n\t\t\tDes recettes savoureuses\t<\/h2>\n<figure itemscope itemtype=\"https:\/\/schema.org\/ImageObject\">\n\t\t\t\t<img decoding=\"async\" src=\"https:\/\/rayan.restaurant\/wp-content\/uploads\/2022\/03\/plate2.jpg\" alt=\"Plateau\" height=\"1829\" width=\"2560\" title=\"plate2\" onerror=\"this.style.display='none'\" loading=\"lazy\" \/>\n\t<\/figure>\n<h2>\n\t\t\tD\u00e9couvrez notre menu\t<\/h2>\n\t<p><strong>La poissonnerie et restaurant Rayan<\/strong> vous offre les poissons et fruits de mer les plus frais, directement du bateau \u00e0 votre assiette, et c&rsquo;est pourquoi nos fruits de mer sont si savoureux. Vous n&rsquo;\u00eates pas encore familier avec les fruits de mer ? Nos chefs sauront surprendre votre palais avec leurs d\u00e9licieuses recettes. Notre personnel sympathique adore les fruits de mer et \u00e7a se voit !<\/p>\n\t\t\t<a href=\"https:\/\/rayan.restaurant\/fr\/menu\/\"  target=\"_self\">\n\t\t\t\t\t\t\tMenu\n\t\t\t\t\t<\/a>\n<h2>\n\t\t\tUn d\u00e9lice culinaire\t<\/h2>\n\t<p><strong>La poissonnerie et restaurant Rayan<\/strong> promet de vous offrir une excellente exp\u00e9rience gastronomique dans une atmosph\u00e8re confortable et d\u00e9tendue. Rayan est convaincu que leurs restaurants de fruits de mer offrent aux clients locaux et \u00e9trangers une exp\u00e9rience m\u00e9morable. Chacun de nos \u00e9tablissements suit des proc\u00e9dures rigoureuses lors de la pr\u00e9paration des aliments afin de maintenir une constance \u00e0 l&rsquo;\u00e9gard des recettes et du go\u00fbt. Rendez vous au bar de fruits de mer et s\u00e9lectionnez votre repas. Un vaste choix de crevettes, de calmar, de poisson entier ou de mollusques et crustac\u00e9 vous sont offerts \u00e0 la livre et vous n&rsquo;aurez qu&rsquo;\u00e0 choisir la mani\u00e8re dont vous aimeriez qu&rsquo;ils soient appr\u00eat\u00e9s : grill\u00e9s, saut\u00e9s ou frits.<\/p>\n\t\t\t<a href=\"https:\/\/rayan.restaurant\/fr\/reservations\/\"  target=\"_self\">\n\t\t\t\t\t\t\tR\u00e9servez\n\t\t\t\t\t<\/a>\n<h2>\n\t\t\t\u00c0 propos de Restaurant Rayan\t<\/h2>\n\t<p>Fond\u00e9e en 2006, <strong>Poissonnerie &amp; Restaurant Rayan<\/strong> c\u00e9l\u00e8bre aujourd&rsquo;hui pr\u00e8s de 20 ans de passion, de saveurs et d&rsquo;authenticit\u00e9 au c\u0153ur de Montr\u00e9al. Bien plus qu&rsquo;un simple restaurant, Rayan est une v\u00e9ritable immersion dans la cuisine m\u00e9diterran\u00e9enne \u00e9gyptienne, o\u00f9 chaque plat raconte une histoire.<\/p>\n<p>Inspir\u00e9 par les traditions culinaires de l&rsquo;\u00c9gypte, le restaurant revisite les grands classiques des fruits de mer et du poisson \u00e0 la mani\u00e8re \u00e9gyptienne : des recettes riches, g\u00e9n\u00e9reuses et pleines de caract\u00e8re. Ici, manger du poisson n&rsquo;est pas simplement un repas, c&rsquo;est une c\u00e9l\u00e9bration.\u00a0Rayan est \u00e9galement le pionnier \u00e0 Montr\u00e9al du concept unique du choix du poisson au poids. Directement inspir\u00e9 des poissonneries traditionnelles \u00e9gyptiennes, ce concept offre une exp\u00e9rience authentique et personnalis\u00e9e \u00e0 chaque client.<\/p>\n<p>Depuis ses d\u00e9buts, Rayan s&rsquo;est b\u00e2ti une solide r\u00e9putation gr\u00e2ce \u00e0 la qualit\u00e9 de ses produits et son savoir-faire. Aujourd&rsquo;hui, avec plusieurs succursales \u00e0 Montr\u00e9al, le restaurant continue de faire d\u00e9couvrir une cuisine vibrante et inoubliable.\u00a0Rayan, c&rsquo;est plus qu&rsquo;un restaurant &#8211; c&rsquo;est une exp\u00e9rience qui vous fera revenir encore et encore.<\/p>\n\n","protected":false},"excerpt":{"rendered":"<p>Poissonnerie et RestaurantRayan Vivez la diff\u00e9rence ! Menu R\u00e9servez Une exp\u00e9rience unique La poissonnerie et restaurant Rayan c\u00e9l\u00e9brera bient\u00f4t son 21e anniversaire. Nous offrons depuis pr\u00e8s de vingt ans une s\u00e9lection de fruits de mer de qualit\u00e9 sup\u00e9rieure et de plats raffin\u00e9s \u00e0 une client\u00e8le qui ne cesse de cro\u00eetre. Nous comptons trois succursales \u00e0 [&hellip;]<\/p>\n","protected":false},"author":1,"featured_media":0,"parent":0,"menu_order":0,"comment_status":"closed","ping_status":"closed","template":"template-page-builder.php","meta":{"_genesis_hide_title":false,"_genesis_hide_breadcrumbs":false,"_genesis_hide_singular_image":false,"_genesis_hide_footer_widgets":false,"_genesis_custom_body_class":"","_genesis_custom_post_class":"","_genesis_layout":"","footnotes":""},"class_list":{"0":"post-5","1":"page","2":"type-page","3":"status-publish","5":"entry"},"_links":{"self":[{"href":"https:\/\/rayan.restaurant\/fr\/wp-json\/wp\/v2\/pages\/5","targetHints":{"allow":["GET"]}}],"collection":[{"href":"https:\/\/rayan.restaurant\/fr\/wp-json\/wp\/v2\/pages"}],"about":[{"href":"https:\/\/rayan.restaurant\/fr\/wp-json\/wp\/v2\/types\/page"}],"author":[{"embeddable":true,"href":"https:\/\/rayan.restaurant\/fr\/wp-json\/wp\/v2\/users\/1"}],"replies":[{"embeddable":true,"href":"https:\/\/rayan.restaurant\/fr\/wp-json\/wp\/v2\/comments?post=5"}],"version-history":[{"count":11,"href":"https:\/\/rayan.restaurant\/fr\/wp-json\/wp\/v2\/pages\/5\/revisions"}],"predecessor-version":[{"id":2855,"href":"https:\/\/rayan.restaurant\/fr\/wp-json\/wp\/v2\/pages\/5\/revisions\/2855"}],"wp:attachment":[{"href":"https:\/\/rayan.restaurant\/fr\/wp-json\/wp\/v2\/media?parent=5"}],"curies":[{"name":"wp","href":"https:\/\/api.w.org\/{rel}","templated":true}]}}