{"id":37,"date":"2022-03-31T12:07:00","date_gmt":"2022-03-31T16:07:00","guid":{"rendered":""},"modified":"2022-03-31T13:49:33","modified_gmt":"2022-03-31T17:49:33","slug":"fr_reservations","status":"publish","type":"page","link":"https:\/\/rayan.restaurant\/fr\/fr_reservations\/","title":{"rendered":"R\u00e9servations"},"content":{"rendered":"\n\t\t<div \t\t\tclass=\"novablocks-hero novablocks-doppler alignfull novablocks-u-valign-center novablocks-u-halign-center novablocks-u-background novablocks-u-background-dark sm-palette-1 sm-variation-12 scrolling-effect-parallax\"\n\t\t\tstyle=\"--novablocks-block-top-spacing: 1; --novablocks-block-bottom-spacing: 0; --novablocks-emphasis-top-spacing: 0; --novablocks-emphasis-bottom-spacing: 1; --novablocks-hero-text-color: #FFF;min-height: calc(50* var(--novablocks-1vh, 1vh)); \"\n\t\t\tdata-min-height-fallback='50' data-defaults-generated='1' data-block-index='0' data-overlay-filter-strength='0' data-emphasis-bottom-spacing='1' data-scroll-indicator='' data-position-indicators='1' data-template-inserted='' data-display-inner-content='1' data-palette='1' data-palette-variation='12' data-use-source-color-as-reference='' data-color-signal='3' data-content-color-signal='0' data-content-position='center center' data-focal-point='{&quot;x&quot;:0.5,&quot;y&quot;:0.5}' data-final-focal-point='{&quot;x&quot;:0.5,&quot;y&quot;:0.5}' data-initial-background-scale='1' data-final-background-scale='1' data-scroll-indicator-block='' data-scrolling-effect='parallax' data-motion-preset='standard-dynamic' data-follow-through-start='1' data-follow-through-end='1' data-content-color='#FFF' data-overlay-filter-style='dark' data-emphasis-by-space='1' data-enable-overlapping='' data-block-top-spacing='1' data-block-bottom-spacing='0' data-emphasis-top-spacing='0' data-anchor=''\t\t>\n\n\t\t\t\n\t\t\t<div class=\"novablocks-doppler__mask  novablocks-doppler__wrapper\">\n\t\t\t\t<img decoding=\"async\" width=\"1024\" height=\"683\" src=\"https:\/\/rayan.restaurant\/wp-content\/uploads\/2022\/03\/the-salt-room-1024x683-1.jpg\" class=\"novablocks-hero__media  novablocks-doppler__target\" alt=\"\" style=\"object-position: 50% 50%;opacity: 1; \" srcset=\"https:\/\/rayan.restaurant\/wp-content\/uploads\/2022\/03\/the-salt-room-1024x683-1.jpg 1024w, https:\/\/rayan.restaurant\/wp-content\/uploads\/2022\/03\/the-salt-room-1024x683-1-300x200.jpg 300w, https:\/\/rayan.restaurant\/wp-content\/uploads\/2022\/03\/the-salt-room-1024x683-1-768x512.jpg 768w, https:\/\/rayan.restaurant\/wp-content\/uploads\/2022\/03\/the-salt-room-1024x683-1-250x167.jpg 250w, https:\/\/rayan.restaurant\/wp-content\/uploads\/2022\/03\/the-salt-room-1024x683-1-480x320.jpg 480w\" sizes=\"(max-width: 1024px) 100vw, 1024px\" \/>\n\t\t\t\t\t\t\t<\/div>\n            <div class=\"novablocks-hero__foreground novablocks-doppler__foreground novablocks-u-content-padding novablocks-u-content-align\" style=\"min-height: calc(50 * var(--novablocks-1vh, 1vh)); \">\n                <div class=\"novablocks-hero__inner-container wp-block-group__inner-container novablocks-u-content-width\" style=\"\">\n\t\t\t\t\t\n\n<div class=\"wp-block-group alignwide sm-palette-1 sm-color-signal-0\" style=\"--novablocks-emphasis-top-spacing:0;--novablocks-emphasis-bottom-spacing:0;--novablocks-block-top-spacing:1;--novablocks-block-bottom-spacing:0;--novablocks-block-zindex:0\" data-palette=\"1\" data-palette-variation=\"11\" data-color-signal=\"0\"><div class=\"wp-block-group__inner-container is-layout-flow wp-block-group-is-layout-flow\">\n<h1 class=\"wp-block-novablocks-headline c-headline has-text-align-center has-normal-font-size\"><span class=\"c-headline__secondary\">Faites une <\/span> <span class=\"c-headline__primary\">R\u00e9servation<\/span><\/h1>\n<\/div><\/div>\n\n                <\/div>\n\t\t\t\t            <\/div>\n\n\t\t\t\n        <\/div>\n\n\t\t\n\n\n<div class=\"wp-block-contact-form-7-contact-form-selector\">\n<div class=\"wpcf7 no-js\" id=\"wpcf7-f1294-o1\" lang=\"fr-FR\" dir=\"ltr\" data-wpcf7-id=\"1294\">\n<div class=\"screen-reader-response\"><p role=\"status\" aria-live=\"polite\" aria-atomic=\"true\"><\/p> <ul><\/ul><\/div>\n<form action=\"\/fr\/wp-json\/wp\/v2\/pages\/37#wpcf7-f1294-o1\" method=\"post\" class=\"wpcf7-form init\" aria-label=\"Formulaire de contact\" novalidate=\"novalidate\" data-status=\"init\">\n<fieldset class=\"hidden-fields-container\"><input type=\"hidden\" name=\"_wpcf7\" value=\"1294\" \/><input type=\"hidden\" name=\"_wpcf7_version\" value=\"6.1.5\" \/><input type=\"hidden\" name=\"_wpcf7_locale\" value=\"fr_FR\" \/><input type=\"hidden\" name=\"_wpcf7_unit_tag\" value=\"wpcf7-f1294-o1\" \/><input type=\"hidden\" name=\"_wpcf7_container_post\" value=\"0\" \/><input type=\"hidden\" name=\"_wpcf7_posted_data_hash\" value=\"\" \/><input type=\"hidden\" name=\"_wpcf7_recaptcha_response\" value=\"\" \/>\n<\/fieldset>\n<p><label> Votre nom (obligatoire)<br \/>\n<span class=\"wpcf7-form-control-wrap\" data-name=\"your-name\"><input size=\"40\" maxlength=\"400\" class=\"wpcf7-form-control wpcf7-text wpcf7-validates-as-required\" aria-required=\"true\" aria-invalid=\"false\" value=\"\" type=\"text\" name=\"your-name\" \/><\/span> <\/label>\n<\/p>\n<p><label> Adresse courriel (obligatoire)<br \/>\n<span class=\"wpcf7-form-control-wrap\" data-name=\"your-email\"><input size=\"40\" maxlength=\"400\" class=\"wpcf7-form-control wpcf7-email wpcf7-validates-as-required wpcf7-text wpcf7-validates-as-email\" aria-required=\"true\" aria-invalid=\"false\" value=\"\" type=\"email\" name=\"your-email\" \/><\/span> <\/label>\n<\/p>\n<p><label> T\u00e9l\u00e9phone (obligatoire)<br \/>\n<span class=\"wpcf7-form-control-wrap\" data-name=\"phonenumber\"><input size=\"40\" maxlength=\"400\" class=\"wpcf7-form-control wpcf7-tel wpcf7-validates-as-required wpcf7-text wpcf7-validates-as-tel\" aria-required=\"true\" aria-invalid=\"false\" value=\"\" type=\"tel\" name=\"phonenumber\" \/><\/span> <\/label>\n<\/p>\n<p><label> Restaurant<br \/>\n<span class=\"wpcf7-form-control-wrap\" data-name=\"Restaurant\"><select class=\"wpcf7-form-control wpcf7-select wpcf7-validates-as-required\" aria-required=\"true\" aria-invalid=\"false\" multiple=\"multiple\" name=\"Restaurant[]\"><option value=\"C\u00d4TE-DES-NEIGES\">C\u00d4TE-DES-NEIGES<\/option><option value=\"B\u00c9LANGER\">B\u00c9LANGER<\/option><option value=\"LANGELIER\">LANGELIER<\/option><\/select><\/span><\/label>\n<\/p>\n<p><label> Invit\u00e9s<br \/>\n<span class=\"wpcf7-form-control-wrap\" data-name=\"numberguest\"><input class=\"wpcf7-form-control wpcf7-number wpcf7-validates-as-required wpcf7-validates-as-number\" min=\"1\" max=\"80\" aria-required=\"true\" aria-invalid=\"false\" value=\"1\" type=\"number\" name=\"numberguest\" \/><\/span><\/label>\n<\/p>\n<p><label> Date de r\u00e9servation (obligatoire)<br \/>\n<span class=\"wpcf7-form-control-wrap\" data-name=\"date-414\"><input class=\"wpcf7-form-control wpcf7-date wpcf7-validates-as-required wpcf7-validates-as-date\" aria-required=\"true\" aria-invalid=\"false\" value=\"\" type=\"date\" name=\"date-414\" \/><\/span><br \/>\n<\/label>\n<\/p>\n<p><label> Heure de r\u00e9servation<br \/>\n(Sp\u00e9cifiez AM ou PM) (obligatoire)<br \/>\n<span class=\"wpcf7-form-control-wrap\" data-name=\"DesiredTime\"><input size=\"40\" maxlength=\"400\" class=\"wpcf7-form-control wpcf7-text wpcf7-validates-as-required\" aria-required=\"true\" aria-invalid=\"false\" value=\"\" type=\"text\" name=\"DesiredTime\" \/><\/span><br \/>\n<\/label>\n<\/p>\n<p><label> Autres commentaires<br \/>\n<span class=\"wpcf7-form-control-wrap\" data-name=\"your-message\"><textarea cols=\"40\" rows=\"10\" maxlength=\"2000\" class=\"wpcf7-form-control wpcf7-textarea\" aria-invalid=\"false\" name=\"your-message\"><\/textarea><\/span> <\/label>\n<\/p>\n<p>Veuillez noter que la soumission de cette demande de r\u00e9servation n'est pas une confirmation. Nous vous contacterons dans les 24 heures pour confirmer votre r\u00e9servation.<br \/>\nJe vous remercie\n<\/p>\n<p><input class=\"wpcf7-form-control wpcf7-submit has-spinner\" type=\"submit\" value=\"ENVOYER\" \/>\n<\/p><div class=\"wpcf7-response-output\" aria-hidden=\"true\"><\/div>\n<\/form>\n<\/div>\n<\/div>\n\n\n\t\t\t<div class=\"wp-block-separator is-style-elaborate\">\n                \n        <div class=\"c-separator\">\n            <div class=\"c-separator__arrow c-separator__arrow--left\"><\/div>\n            <div class=\"c-separator__line c-separator__line--left\"><\/div>\n            <div class=\"c-separator__symbol\">\n                <span><svg width=\"19\" height=\"20\" viewBox=\"0 0 19 20\" fill=\"none\" xmlns=\"http:\/\/www.w3.org\/2000\/svg\"><path d=\"M11.7565 8.5753c1.3088-1.6632 2.3177-2.813 3.0266-3.4492.718-.6453 1.3315-.968 1.8405-.968.4181 0 .7817.1682 1.0907.5045.309.3363.4635.7362.4635 1.1997 0 .6726-.4453 1.2043-1.3361 1.5951-.8907.3908-2.5857.7635-5.0852 1.118zm-2.454-1.4315c-.518-1.2633-.918-2.3585-1.1997-3.2856-.2817-.927-.4226-1.6269-.4226-2.0995 0-.5544.1409-.9861.4226-1.2952C8.3846.1545 8.7754 0 9.2753 0c.518 0 .918.1545 1.1997.4635.2818.309.4226.7408.4226 1.2952 0 .4544-.1408 1.1543-.4226 2.0995-.2727.9362-.6635 2.0314-1.1724 3.2856zm2.454 4.2809c2.4995.3544 4.1945.7271 5.0852 1.1179.8908.3908 1.3361.918 1.3361 1.5815 0 .4726-.1545.877-.4635 1.2133-.309.3272-.6726.4908-1.0907.4908-.509 0-1.1225-.3181-1.8405-.9543-.7089-.6362-1.7178-1.786-3.0266-3.4492zm-.0545-1.4315c0 .6635-.2363 1.2315-.7089 1.7041-.4636.4727-1.027.709-1.6905.709-.6726 0-1.2452-.2318-1.7178-.6953-.4727-.4726-.709-1.0452-.709-1.7178 0-.6544.2363-1.218.709-1.6905.4726-.4727 1.036-.709 1.6905-.709.6635 0 1.2315.2363 1.7041.709.4817.4726.7226 1.036.7226 1.6905zM6.8213 8.5753c-2.4994-.3544-4.1945-.727-5.0852-1.1179C.8454 7.0666.4 6.5349.4 5.8623c0-.4635.1544-.8634.4635-1.1997.309-.3363.6725-.5045 1.0906-.5045.509 0 1.118.3227 1.8269.968.7089.6362 1.7223 1.786 3.0402 3.4492zm2.454 4.2672c.518 1.2725.918 2.3722 1.1997 3.2993.2818.927.4226 1.6269.4226 2.0995 0 .5544-.1408.9861-.4226 1.2952-.2817.309-.6726.4635-1.1724.4635-.5181 0-.918-.1545-1.1998-.4635-.2817-.3091-.4226-.7408-.4226-1.2952 0-.4635.1363-1.1588.409-2.0859.2727-.927.668-2.0313 1.186-3.3129zm-2.454-1.4178c-1.336 1.6996-2.354 2.8584-3.0539 3.4765-.6998.618-1.3042.927-1.8132.927a1.383 1.383 0 0 1-.709-.1908c-.218-.1364-.427-.35-.627-.6408-.0728-.1727-.1273-.3272-.1636-.4635a1.582 1.582 0 0 1-.0546-.409c0-.6635.4454-1.1907 1.336-1.5815.8908-.3908 2.5859-.7635 5.0853-1.1179z\" fill=\"currentColor\"\/><\/svg>\n<\/span>\n            <\/div>\n            <div class=\"c-separator__line c-separator__line--right\"><\/div>\n            <div class=\"c-separator__arrow c-separator__arrow--right\"><\/div>\n        <\/div>\n\t\t\t\t\t<\/div>\n\t\t\n\n\n<div class=\"wp-block-group alignwide sm-palette-1 sm-color-signal-0\" style=\"--novablocks-emphasis-top-spacing:1;--novablocks-emphasis-bottom-spacing:1;--novablocks-block-top-spacing:0;--novablocks-block-bottom-spacing:0;--novablocks-block-zindex:0\" data-palette=\"1\" data-palette-variation=\"1\" data-color-signal=\"0\"><div class=\"wp-block-group__inner-container is-layout-flow wp-block-group-is-layout-flow\">\n<div class=\"wp-block-columns is-layout-flex wp-container-core-columns-is-layout-8f761849 wp-block-columns-is-layout-flex\">\n<div class=\"wp-block-column is-layout-flow wp-block-column-is-layout-flow\">\n<h2 class=\"has-smallest-font-size wp-block-heading\" style=\"text-transform:capitalize\">FAITES VOS R\u00c9SERVATIONS PAR T\u00c9L\u00c9PHONE<\/h2>\n\n\n\n<p class=\"wp-block-paragraph\">Nous acceptons des r\u00e9servations pour le d\u00eener et le souper. Pour faire une r\u00e9servation, s\u2019il vous pla\u00eet appelez-nous au : (pour tous les \u00e9tablissements) de 11 h \u00e0 20 h, du lundi au samedi. Veuillez \u00eatre pr\u00eats \u00e0 nous fournir l\u2019heure et le nombre d\u2019invit\u00e9s.<\/p>\n<\/div>\n\n\n\n<div class=\"wp-block-column is-layout-flow wp-block-column-is-layout-flow\">\n<h2 class=\"has-smallest-font-size wp-block-heading\">SERVICE TRAITEUR POUR \u00c9V\u00c9NEMENTS SP\u00c9CIAUX<\/h2>\n\n\n\n<p class=\"wp-block-paragraph\">Quel que soit votre \u00e9v\u00e9nement, nous vous pr\u00e9parerons une c\u00e9l\u00e9bration tout \u00e0 fait m\u00e9morable. Pour de plus amples renseignements, s\u2019il vous pla\u00eet appelez-nous au :1-833-GO-RAYAN (1-833-46-72926)<\/p>\n<\/div>\n<\/div>\n<\/div><\/div>\n","protected":false},"excerpt":{"rendered":"<p>FAITES VOS R\u00c9SERVATIONS PAR T\u00c9L\u00c9PHONE Nous acceptons des r\u00e9servations pour le d\u00eener et le souper. Pour faire une r\u00e9servation, s\u2019il vous pla\u00eet appelez-nous au : [&hellip;]<\/p>\n","protected":false},"author":1,"featured_media":12,"parent":0,"menu_order":0,"comment_status":"closed","ping_status":"closed","template":"","meta":{"_crdt_document":"","novablocks_hero_scroll_indicator":false,"novablocks_hero_position_indicators":false,"_uag_custom_page_level_css":"","footnotes":""},"class_list":["post-37","page","type-page","status-publish","has-post-thumbnail","hentry"],"uagb_featured_image_src":{"full":["https:\/\/rayan.restaurant\/wp-content\/uploads\/2022\/03\/rosa-placeholder-7.jpg",1411,2000,false],"thumbnail":["https:\/\/rayan.restaurant\/wp-content\/uploads\/2022\/03\/rosa-placeholder-7-150x150.jpg",150,150,true],"medium":["https:\/\/rayan.restaurant\/wp-content\/uploads\/2022\/03\/rosa-placeholder-7-212x300.jpg",212,300,true],"medium_large":["https:\/\/rayan.restaurant\/wp-content\/uploads\/2022\/03\/rosa-placeholder-7-768x1089.jpg",768,1089,true],"large":["https:\/\/rayan.restaurant\/wp-content\/uploads\/2022\/03\/rosa-placeholder-7-722x1024.jpg",722,1024,true],"1536x1536":["https:\/\/rayan.restaurant\/wp-content\/uploads\/2022\/03\/rosa-placeholder-7-1084x1536.jpg",1084,1536,true],"2048x2048":["https:\/\/rayan.restaurant\/wp-content\/uploads\/2022\/03\/rosa-placeholder-7.jpg",1411,2000,false],"rosa2-site-logo":["https:\/\/rayan.restaurant\/wp-content\/uploads\/2022\/03\/rosa-placeholder-7-176x250.jpg",176,250,true],"novablocks_huge":["https:\/\/rayan.restaurant\/wp-content\/uploads\/2022\/03\/rosa-placeholder-7.jpg",1411,2000,false],"novablocks_large":["https:\/\/rayan.restaurant\/wp-content\/uploads\/2022\/03\/rosa-placeholder-7-964x1366.jpg",964,1366,true],"novablocks_medium":["https:\/\/rayan.restaurant\/wp-content\/uploads\/2022\/03\/rosa-placeholder-7-722x1024.jpg",722,1024,true],"novablocks_small":["https:\/\/rayan.restaurant\/wp-content\/uploads\/2022\/03\/rosa-placeholder-7-542x768.jpg",542,768,true],"novablocks_tiny":["https:\/\/rayan.restaurant\/wp-content\/uploads\/2022\/03\/rosa-placeholder-7-339x480.jpg",339,480,true]},"uagb_author_info":{"display_name":"adminfrank","author_link":"https:\/\/rayan.restaurant\/fr\/author\/adminfrank\/"},"uagb_comment_info":0,"uagb_excerpt":"FAITES VOS R\u00c9SERVATIONS PAR T\u00c9L\u00c9PHONE Nous acceptons des r\u00e9servations pour le d\u00eener et le souper. Pour faire une r\u00e9servation, s\u2019il vous pla\u00eet appelez-nous au : [&hellip;]","_links":{"self":[{"href":"https:\/\/rayan.restaurant\/fr\/wp-json\/wp\/v2\/pages\/37","targetHints":{"allow":["GET"]}}],"collection":[{"href":"https:\/\/rayan.restaurant\/fr\/wp-json\/wp\/v2\/pages"}],"about":[{"href":"https:\/\/rayan.restaurant\/fr\/wp-json\/wp\/v2\/types\/page"}],"author":[{"embeddable":true,"href":"https:\/\/rayan.restaurant\/fr\/wp-json\/wp\/v2\/users\/1"}],"replies":[{"embeddable":true,"href":"https:\/\/rayan.restaurant\/fr\/wp-json\/wp\/v2\/comments?post=37"}],"version-history":[{"count":0,"href":"https:\/\/rayan.restaurant\/fr\/wp-json\/wp\/v2\/pages\/37\/revisions"}],"wp:featuredmedia":[{"embeddable":true,"href":"https:\/\/rayan.restaurant\/fr\/wp-json\/wp\/v2\/media\/12"}],"wp:attachment":[{"href":"https:\/\/rayan.restaurant\/fr\/wp-json\/wp\/v2\/media?parent=37"}],"curies":[{"name":"wp","href":"https:\/\/api.w.org\/{rel}","templated":true}]}}