{"id":2027,"date":"2022-03-25T11:29:37","date_gmt":"2022-03-25T15:29:37","guid":{"rendered":"https:\/\/fpdevel.rayan.restaurant\/?page_id=2027"},"modified":"2022-04-04T13:28:36","modified_gmt":"2022-04-04T17:28:36","slug":"fr_resume","status":"publish","type":"page","link":"https:\/\/rayan.restaurant\/fr\/fr_resume\/","title":{"rendered":"CV"},"content":{"rendered":"\n\t\t<div \t\t\tclass=\"novablocks-hero novablocks-doppler alignfull novablocks-u-valign-center novablocks-u-halign-center novablocks-u-background novablocks-u-background-dark sm-palette-1 sm-variation-12 scrolling-effect-parallax\"\n\t\t\tstyle=\"--novablocks-block-top-spacing: 1; --novablocks-block-bottom-spacing: 0; --novablocks-emphasis-top-spacing: 0; --novablocks-emphasis-bottom-spacing: 0; --novablocks-hero-text-color: #FFF;min-height: calc(50* var(--novablocks-1vh, 1vh)); \"\n\t\t\tdata-min-height-fallback='50' data-defaults-generated='1' data-template-inserted='1' data-block-index='0' data-scroll-indicator='' data-position-indicators='1' data-display-inner-content='1' data-palette='1' data-palette-variation='12' data-use-source-color-as-reference='' data-color-signal='3' data-content-color-signal='0' data-content-position='center center' data-focal-point='{&quot;x&quot;:0.5,&quot;y&quot;:0.5}' data-final-focal-point='{&quot;x&quot;:0.5,&quot;y&quot;:0.5}' data-initial-background-scale='1' data-final-background-scale='1' data-scroll-indicator-block='' data-scrolling-effect='parallax' data-motion-preset='standard-dynamic' data-follow-through-start='1' data-follow-through-end='1' data-content-color='#FFF' data-overlay-filter-style='dark' data-overlay-filter-strength='30' data-emphasis-by-space='1' data-enable-overlapping='' data-block-top-spacing='1' data-block-bottom-spacing='0' data-emphasis-top-spacing='0' data-emphasis-bottom-spacing='0' data-anchor=''\t\t>\n\n\t\t\t\n\t\t\t<div class=\"novablocks-doppler__mask  novablocks-doppler__wrapper\">\n\t\t\t\t<img decoding=\"async\" width=\"946\" height=\"1420\" src=\"https:\/\/rayan.restaurant\/wp-content\/uploads\/2022\/03\/rayan_server.jpg\" class=\"novablocks-hero__media  novablocks-doppler__target\" alt=\"\" style=\"object-position: 50% 50%;opacity: 0.7; \" srcset=\"https:\/\/rayan.restaurant\/wp-content\/uploads\/2022\/03\/rayan_server.jpg 946w, https:\/\/rayan.restaurant\/wp-content\/uploads\/2022\/03\/rayan_server-200x300.jpg 200w, https:\/\/rayan.restaurant\/wp-content\/uploads\/2022\/03\/rayan_server-682x1024.jpg 682w, https:\/\/rayan.restaurant\/wp-content\/uploads\/2022\/03\/rayan_server-768x1153.jpg 768w, https:\/\/rayan.restaurant\/wp-content\/uploads\/2022\/03\/rayan_server-167x250.jpg 167w, https:\/\/rayan.restaurant\/wp-content\/uploads\/2022\/03\/rayan_server-910x1366.jpg 910w, https:\/\/rayan.restaurant\/wp-content\/uploads\/2022\/03\/rayan_server-512x768.jpg 512w, https:\/\/rayan.restaurant\/wp-content\/uploads\/2022\/03\/rayan_server-320x480.jpg 320w\" sizes=\"(max-width: 946px) 100vw, 946px\" \/>\n\t\t\t\t\t\t\t<\/div>\n            <div class=\"novablocks-hero__foreground novablocks-doppler__foreground novablocks-u-content-padding novablocks-u-content-align\" style=\"min-height: calc(50 * var(--novablocks-1vh, 1vh)); \">\n                <div class=\"novablocks-hero__inner-container wp-block-group__inner-container novablocks-u-content-width\" style=\"\">\n\t\t\t\t\t\n\n<div class=\"wp-block-group sm-palette-1 sm-color-signal-0\" style=\"--novablocks-emphasis-top-spacing:0;--novablocks-emphasis-bottom-spacing:0;--novablocks-block-top-spacing:1;--novablocks-block-bottom-spacing:0;--novablocks-block-zindex:0\" data-palette=\"1\" data-palette-variation=\"11\" data-color-signal=\"0\"><div class=\"wp-block-group__inner-container is-layout-flow wp-block-group-is-layout-flow\">\n<h1 class=\"wp-block-novablocks-headline c-headline has-text-align-center has-larger-font-size\"><span class=\"c-headline__secondary\">Opportunit\u00e9s<\/span> <span class=\"c-headline__primary\">D&rsquo;EMPLOI<\/span><\/h1>\n<\/div><\/div>\n\n                <\/div>\n\t\t\t\t            <\/div>\n\n\t\t\t\n        <\/div>\n\n\t\t\n\n\n<div class=\"wp-block-group alignwide sm-palette-1 sm-color-signal-0\" style=\"--novablocks-emphasis-top-spacing:1;--novablocks-emphasis-bottom-spacing:1;--novablocks-block-top-spacing:0;--novablocks-block-bottom-spacing:0;--novablocks-block-zindex:0\" data-palette=\"1\" data-palette-variation=\"1\" data-color-signal=\"0\"><div class=\"wp-block-group__inner-container is-layout-flow wp-block-group-is-layout-flow\">\n<div class=\"wp-block-columns is-layout-flex wp-container-core-columns-is-layout-8f761849 wp-block-columns-is-layout-flex\">\n<div class=\"wp-block-column is-layout-flow wp-block-column-is-layout-flow\" style=\"flex-basis:45%\">\n<h2 class=\"has-normal-font-size wp-block-heading\" style=\"text-transform:uppercase\">Demande d&#8217;emploi<\/h2>\n\n\n\n<div class=\"wp-block-contact-form-7-contact-form-selector\">\n<div class=\"wpcf7 no-js\" id=\"wpcf7-f1178-o1\" lang=\"fr-FR\" dir=\"ltr\" data-wpcf7-id=\"1178\">\n<div class=\"screen-reader-response\"><p role=\"status\" aria-live=\"polite\" aria-atomic=\"true\"><\/p> <ul><\/ul><\/div>\n<form action=\"\/fr\/wp-json\/wp\/v2\/pages\/2027#wpcf7-f1178-o1\" method=\"post\" class=\"wpcf7-form init\" aria-label=\"Formulaire de contact\" enctype=\"multipart\/form-data\" novalidate=\"novalidate\" data-status=\"init\">\n<fieldset class=\"hidden-fields-container\"><input type=\"hidden\" name=\"_wpcf7\" value=\"1178\" \/><input type=\"hidden\" name=\"_wpcf7_version\" value=\"6.1.5\" \/><input type=\"hidden\" name=\"_wpcf7_locale\" value=\"fr_FR\" \/><input type=\"hidden\" name=\"_wpcf7_unit_tag\" value=\"wpcf7-f1178-o1\" \/><input type=\"hidden\" name=\"_wpcf7_container_post\" value=\"0\" \/><input type=\"hidden\" name=\"_wpcf7_posted_data_hash\" value=\"\" \/><input type=\"hidden\" name=\"_wpcf7_recaptcha_response\" value=\"\" \/>\n<\/fieldset>\n<p><label>Pr\u00e9nom (Requis)<\/label><span class=\"wpcf7-form-control-wrap\" data-name=\"your-name\"><input size=\"40\" maxlength=\"400\" class=\"wpcf7-form-control wpcf7-text wpcf7-validates-as-required\" aria-required=\"true\" aria-invalid=\"false\" value=\"\" type=\"text\" name=\"your-name\" \/><\/span>\n<\/p>\n<p><label>Courriel (Requis)<\/label><span class=\"wpcf7-form-control-wrap\" data-name=\"your-email\"><input size=\"40\" maxlength=\"400\" class=\"wpcf7-form-control wpcf7-email wpcf7-validates-as-required wpcf7-text wpcf7-validates-as-email\" aria-required=\"true\" aria-invalid=\"false\" value=\"\" type=\"email\" name=\"your-email\" \/><\/span>\n<\/p>\n<p><label>Restaurant pr\u00e9f\u00e9r\u00e9<\/label><span class=\"wpcf7-form-control-wrap\" data-name=\"Restaurant\"><select class=\"wpcf7-form-control wpcf7-select wpcf7-validates-as-required\" aria-required=\"true\" aria-invalid=\"false\" multiple=\"multiple\" name=\"Restaurant[]\"><option value=\"B\u00c9LANGER\">B\u00c9LANGER<\/option><option value=\"C\u00d4TE-DES-NEIGES\">C\u00d4TE-DES-NEIGES<\/option><option value=\"LANGELIER\">LANGELIER<\/option><\/select><\/span>\n<\/p>\n<p><label>Emploi pr\u00e9f\u00e9r\u00e9e<\/label><span class=\"wpcf7-form-control-wrap\" data-name=\"Stations\"><select class=\"wpcf7-form-control wpcf7-select wpcf7-validates-as-required\" aria-required=\"true\" aria-invalid=\"false\" multiple=\"multiple\" name=\"Stations[]\"><option value=\"Serveur\/Serveuse\">Serveur\/Serveuse<\/option><option value=\"Commis Debarrasseur\">Commis Debarrasseur<\/option><option value=\"Cuisinier\">Cuisinier<\/option><option value=\"Poissonnier\">Poissonnier<\/option><option value=\"Plongeurs\">Plongeurs<\/option><option value=\"Caissier\/Caissi\u00e8re\">Caissier\/Caissi\u00e8re<\/option><\/select><\/span>\n<\/p>\n<p><label>Heures pr\u00e9f\u00e9r\u00e9es<\/label><span class=\"wpcf7-form-control-wrap\" data-name=\"Hours\"><span class=\"wpcf7-form-control wpcf7-checkbox\"><span class=\"wpcf7-list-item first\"><span class=\"wpcf7-list-item-label\">temps plein<\/span><input type=\"checkbox\" name=\"Hours[]\" value=\"temps plein\" \/><\/span><span class=\"wpcf7-list-item last\"><span class=\"wpcf7-list-item-label\">temps partiel<\/span><input type=\"checkbox\" name=\"Hours[]\" value=\"temps partiel\" \/><\/span><\/span><\/span>\n<\/p>\n<p><label>Pr\u00e9f\u00e9rence temporelle<\/label><span class=\"wpcf7-form-control-wrap\" data-name=\"Timing\"><span class=\"wpcf7-form-control wpcf7-checkbox\"><span class=\"wpcf7-list-item first\"><span class=\"wpcf7-list-item-label\">Matin<\/span><input type=\"checkbox\" name=\"Timing[]\" value=\"Matin\" \/><\/span><span class=\"wpcf7-list-item\"><span class=\"wpcf7-list-item-label\">Midi<\/span><input type=\"checkbox\" name=\"Timing[]\" value=\"Midi\" \/><\/span><span class=\"wpcf7-list-item last\"><span class=\"wpcf7-list-item-label\">Soir<\/span><input type=\"checkbox\" name=\"Timing[]\" value=\"Soir\" \/><\/span><\/span><\/span>\n<\/p>\n<p><label>Pourquoi voulez-vous \u00eatre employ\u00e9 par Rayan? S'il vous pla\u00eet, expliquez<\/label><span class=\"wpcf7-form-control-wrap\" data-name=\"BreifDescription\"><textarea cols=\"40\" rows=\"10\" maxlength=\"2000\" class=\"wpcf7-form-control wpcf7-textarea\" aria-invalid=\"false\" name=\"BreifDescription\"><\/textarea><\/span>\n<\/p>\n<p><label>Veuillez joindre votre CV<\/label>\n<\/p>\n<p><span class=\"wpcf7-form-control-wrap\" data-name=\"Resume\"><input size=\"40\" class=\"wpcf7-form-control wpcf7-file resumeuploadclass\" id=\"resumeupload\" accept=\".png,.jpg,.jpeg,.doc,.dox,.pdf\" aria-invalid=\"false\" type=\"file\" name=\"Resume\" \/><\/span>\n<\/p>\n<p><input class=\"wpcf7-form-control wpcf7-submit has-spinner\" type=\"submit\" value=\"envoyer\" \/>\n<\/p><div class=\"wpcf7-response-output\" aria-hidden=\"true\"><\/div>\n<\/form>\n<\/div>\n<\/div>\n<\/div>\n\n\n\n<div class=\"wp-block-column is-layout-flow wp-block-column-is-layout-flow\" style=\"flex-basis:50%\">\n<div class=\"wp-block-columns is-layout-flex wp-container-core-columns-is-layout-8f761849 wp-block-columns-is-layout-flex\">\n<div class=\"wp-block-column is-layout-flow wp-block-column-is-layout-flow\" style=\"flex-basis:60%\">\n<p class=\"wp-block-paragraph\">Poissonnerie et Restaurant Rayan travaille fort pour offrir \u00e0 ses employ\u00e9s un environnement de travail confortable et agr\u00e9able.<\/p>\n\n\n\n<p class=\"wp-block-paragraph\">Les nouveaux employ\u00e9s peuvent sentir qu&rsquo;ils font partie d&rsquo;une \u00e9quipe. Chez Rayan, le personnel travaille ensemble non seulement pour s&rsquo;entraider, mais aussi pour s&rsquo;assurer que les clients vivent une exp\u00e9rience formidable.<\/p>\n\n\n\n<p class=\"wp-block-paragraph\"><\/p>\n\n\n\n<p class=\"wp-block-paragraph\"><strong>Nous sommes toujours \u00e0 la recherche de personnes dans le domaine de :<\/strong><\/p>\n\n\n\n<ul>\n<li>Pr\u00e9paration des repas (Assistant du Chef)<\/li>\n<li>Serveur<\/li>\n<li>Caissiers\/Caissi\u00e8res<\/li>\n<li>Plongeurs\/Plongeuses<\/li>\n<li>H\u00f4tes\/H\u00f4tesses<\/li>\n<\/ul>\n\n\n\n<p class=\"wp-block-paragraph\">Des travaux ant\u00e9rieurs dans l&rsquo;un de ces domaines sont un atout, mais nous pouvons vous former. Les r\u00f4les et responsabilit\u00e9s peuvent inclure, mais ne ce limite pas \u00e0&nbsp;:<\/p>\n\n\n\n<p class=\"wp-block-paragraph\"><\/p>\n\n\n\n<ul>\n<li>Bilinguisme<\/li>\n<li>Fiable, honn\u00eate et capable de maintenir un haut niveau de confidentialit\u00e9.<\/li>\n<li>\u00catre autonome et apprenez rapidement.<\/li>\n<li>Travailler avec le public et traiter les plaintes reli\u00e9es au service \u00e0 la client\u00e8le.<\/li>\n<\/ul>\n\n\n\n<p class=\"wp-block-paragraph\">Notre soci\u00e9t\u00e9 soutient l\u2019\u00e9galit\u00e9 professionnelle et est d\u00e9vou\u00e9 \u00e0 employer un effectif diversifi\u00e9.<\/p>\n\n\n\n<p class=\"wp-block-paragraph\">Remplissez le formulaire et joignez votre CV et lettre de motivation.<\/p>\n\n\n\n<p class=\"wp-block-paragraph\">Nous esp\u00e9rons vous rencontrer bient\u00f4t.<\/p>\n\n\n\n<p class=\"wp-block-paragraph\"><\/p>\n<\/div>\n\n\n\n<div class=\"wp-block-column is-layout-flow wp-block-column-is-layout-flow\" style=\"flex-basis:33.33%\">\n<figure class=\"wp-block-image size-full\"><img decoding=\"async\" width=\"355\" height=\"690\" src=\"https:\/\/rayan.restaurant\/wp-content\/uploads\/2022\/03\/waiter_rayan_orleans_emplioyment-1.jpg\" alt=\"\" class=\"wp-image-2041\" srcset=\"https:\/\/rayan.restaurant\/wp-content\/uploads\/2022\/03\/waiter_rayan_orleans_emplioyment-1.jpg 355w, https:\/\/rayan.restaurant\/wp-content\/uploads\/2022\/03\/waiter_rayan_orleans_emplioyment-1-154x300.jpg 154w, https:\/\/rayan.restaurant\/wp-content\/uploads\/2022\/03\/waiter_rayan_orleans_emplioyment-1-129x250.jpg 129w, https:\/\/rayan.restaurant\/wp-content\/uploads\/2022\/03\/waiter_rayan_orleans_emplioyment-1-247x480.jpg 247w\" sizes=\"(max-width: 355px) 100vw, 355px\" \/><\/figure>\n<\/div>\n<\/div>\n<\/div>\n<\/div>\n<\/div><\/div>\n","protected":false},"excerpt":{"rendered":"<p>Demande d&#8217;emploi Poissonnerie et Restaurant Rayan travaille fort pour offrir \u00e0 ses employ\u00e9s un environnement de travail confortable et agr\u00e9able. Les nouveaux employ\u00e9s peuvent sentir [&hellip;]<\/p>\n","protected":false},"author":1,"featured_media":0,"parent":0,"menu_order":0,"comment_status":"closed","ping_status":"closed","template":"","meta":{"_crdt_document":"","novablocks_hero_scroll_indicator":false,"novablocks_hero_position_indicators":false,"_uag_custom_page_level_css":"","footnotes":""},"class_list":["post-2027","page","type-page","status-publish","hentry"],"uagb_featured_image_src":{"full":false,"thumbnail":false,"medium":false,"medium_large":false,"large":false,"1536x1536":false,"2048x2048":false,"rosa2-site-logo":false,"novablocks_huge":false,"novablocks_large":false,"novablocks_medium":false,"novablocks_small":false,"novablocks_tiny":false},"uagb_author_info":{"display_name":"adminfrank","author_link":"https:\/\/rayan.restaurant\/fr\/author\/adminfrank\/"},"uagb_comment_info":0,"uagb_excerpt":"Demande d&#8217;emploi Poissonnerie et Restaurant Rayan travaille fort pour offrir \u00e0 ses employ\u00e9s un environnement de travail confortable et agr\u00e9able. Les nouveaux employ\u00e9s peuvent sentir [&hellip;]","_links":{"self":[{"href":"https:\/\/rayan.restaurant\/fr\/wp-json\/wp\/v2\/pages\/2027","targetHints":{"allow":["GET"]}}],"collection":[{"href":"https:\/\/rayan.restaurant\/fr\/wp-json\/wp\/v2\/pages"}],"about":[{"href":"https:\/\/rayan.restaurant\/fr\/wp-json\/wp\/v2\/types\/page"}],"author":[{"embeddable":true,"href":"https:\/\/rayan.restaurant\/fr\/wp-json\/wp\/v2\/users\/1"}],"replies":[{"embeddable":true,"href":"https:\/\/rayan.restaurant\/fr\/wp-json\/wp\/v2\/comments?post=2027"}],"version-history":[{"count":0,"href":"https:\/\/rayan.restaurant\/fr\/wp-json\/wp\/v2\/pages\/2027\/revisions"}],"wp:attachment":[{"href":"https:\/\/rayan.restaurant\/fr\/wp-json\/wp\/v2\/media?parent=2027"}],"curies":[{"name":"wp","href":"https:\/\/api.w.org\/{rel}","templated":true}]}}