{"id":116,"date":"2014-05-30T14:17:08","date_gmt":"2014-05-30T18:17:08","guid":{"rendered":""},"modified":"2026-05-02T09:20:53","modified_gmt":"2026-05-02T13:20:53","slug":"contact","status":"publish","type":"page","link":"https:\/\/rayan.restaurant\/fr\/contact\/","title":{"rendered":"Contact"},"content":{"rendered":"\n<h1>\n\t\t\tContactez-nous\t<\/h1>\n\t<p>Les succursales Poissonnerie et restaurant Rayan sont situ\u00e9es \u00e0 Montr\u00e9al et Laval.<\/p>\n<h4>\n\t\t\tNous offrons la livraison !\t<\/h4>\n\t<p><strong>Commandez :\u00a0<a href=\"https:\/\/www.skipthedishes.com\/poissonnerie-and-restaurant-rayan%20\" target=\"_blank\" rel=\"noreferrer noopener\">SkipTheDishes<\/a>, <a href=\"https:\/\/www.doordash.com\/fr-CA\/store\/rayan-poissonnerie-%26-restaurant-montr%C3%A9al-1475124\/\" target=\"_blank\" rel=\"noreferrer noopener\">DoorDash<\/a>, <a href=\"https:\/\/www.ubereats.com\/ca\/store\/poissonnerie-%26-restaurant-rayan\/jgjYvIqySYWo7n5PxNJAYA\/\" target=\"_blank\" rel=\"noreferrer noopener\">UberEats<\/a><\/strong><\/p>\n\t<p>Si vous avez des questions ou des commentaires \u00e0 nous adresser, vous pouvez nous joindre de la fa\u00e7on qui vous convient le mieux. N&rsquo;h\u00e9sitez pas \u00e0 nous poser vos questions, notre \u00e9quipe saura r\u00e9pondre \u00e0 toutes vos questions raisonnables.<\/p>\nSi\u00e8ge Social:\u00a0\u00a01-833-GO-RAYAN<br \/>\n(1-833-46-72926)\n<h3>\n\t\t<a href=\"#cote-des-neiges\" title=\"C\u00f4te-des-neiges\"  target=\"_self\">\n\t\t\tC\u00f4te-des-neiges\t\t<\/a>\n\t<\/h3>\n\t<p>Heure d&rsquo;ouverture<\/p>\n<h3>\n\t\t<a href=\"#Belanger\" title=\"B\u00e9langer\"  target=\"_self\">\n\t\t\tB\u00e9langer\t\t<\/a>\n\t<\/h3>\n\t<p>Heure d&rsquo;ouverture<\/p>\n<h3>\n\t\t<a href=\"#Langelier\" title=\"Langelier\"  target=\"_self\">\n\t\t\tLangelier\t\t<\/a>\n\t<\/h3>\n\t<p>Heure d&rsquo;ouverture<\/p>\n<h3  id=\"cote-des-neiges\">\n\t\t\tC\u00f4te-des-neiges<br \/>6080 C\u00f4te-des-Neiges <br \/>Montr\u00e9al, QC H3S 1Z7<br \/> (514) 735-6866\t<\/h3>\n\t<h4>L&rsquo;HIVER<\/h4>\n<p><strong>1er novembre &#8211; 30 april<\/strong><\/p>\nLundi 10am &#8211; 9pm<br \/>\nMardi 10am &#8211; 9pm<br \/>\nMercredi 10am &#8211; 9pm<br \/>\nJeudi 10am &#8211; 10pm<br \/>\nVendredi 10am &#8211; 11pm<br \/>\nSamedi 10am &#8211; 11pm<br \/>\nDimanche 11am &#8211; 9pm\n\t<h4>L&rsquo;\u00c9T\u00c9<\/h4>\n<p><strong>1er mai &#8211; 31 octobre<\/strong><\/p>\nLundi 10am &#8211; 11pm<br \/>\nMardi 10am &#8211; 11pm<br \/>\nMercredi 10am &#8211; 11pm<br \/>\nJeudi 10am &#8211; 11pm<br \/>\nVendredi 10am &#8211; 11pm<br \/>\nSamedi 10am &#8211; 11pm<br \/>\nDimanche 11am &#8211; 10pm\n\t<iframe src=\"https:\/\/www.google.com\/maps\/embed\/v1\/place?q=6080+C%C3%B4te-des-Neiges%2C+Montr%C3%A9al%2C+QC+H3S+1Z7&#038;key=AIzaSyD09zQ9PNDNNy9TadMuzRV_UsPUoWKntt8\" aria-hidden=\"true\" title=\"Adresse du restaurtant C\u00f4te-des-neiges\"><\/iframe>\n<h3>\n\t\t\tB\u00e9langer<br \/>4528 rue B\u00e9langer<br \/> Montr\u00e9al, QC H1T 1B6\t<\/h3>\n\t<h4>L&rsquo;HIVER<\/h4>\n<p><strong>1er novembre &#8211; 30 april<\/strong><\/p>\nLundi 10am &#8211; 9pm<br \/>\nMardi 10am &#8211; 9pm<br \/>\nMercredi 10am &#8211; 9pm<br \/>\nJeudi 10am &#8211; 10pm<br \/>\nVendredi 10am &#8211; 11pm<br \/>\nSamedi 10am &#8211; 11pm<br \/>\nDimanche 11am &#8211; 9pm\n\t<h4>L&rsquo;\u00c9T\u00c9<\/h4>\n<p><strong>1er mai &#8211; 31 octobre<\/strong><\/p>\nLundi 10am &#8211; 11pm<br \/>\nMardi 10am &#8211; 11pm<br \/>\nMercredi 10am &#8211; 11pm<br \/>\nJeudi 10am &#8211; 11pm<br \/>\nVendredi 10am &#8211; 11pm<br \/>\nSamedi 10am &#8211; 11pm<br \/>\nDimanche 11am &#8211; 10pm\n\t<iframe src=\"https:\/\/www.google.com\/maps\/embed\/v1\/place?q=4528+rue+B%C3%A9langer%3Cbr%3E+Montr%C3%A9al%2C+QC+H1T+1B6&#038;key=AIzaSyD09zQ9PNDNNy9TadMuzRV_UsPUoWKntt8\" aria-hidden=\"true\" title=\"Adresse du restaurtant C\u00f4te-des-neiges\"><\/iframe>\n<h3>\n\t\t\tLangelier<br \/>8090 boul. Langelier<br \/>Saint-L\u00e9onard, QC H1P 2B9<br \/>(514) 321-5050\t<\/h3>\n\t<h4>L&rsquo;HIVER<\/h4>\n<p><strong>1er novembre &#8211; 30 april<\/strong><\/p>\nLundi 10am &#8211; 9pm<br \/>\nMardi 10am &#8211; 9pm<br \/>\nMercredi 10am &#8211; 9pm<br \/>\nJeudi 10am &#8211; 10pm<br \/>\nVendredi 10am &#8211; 10pm<br \/>\nSamedi 10am &#8211; 10pm<br \/>\nDimanche 11am &#8211; 9pm\n\t<h4>L&rsquo;\u00c9T\u00c9<\/h4>\n<p><strong>1er mai &#8211; 31 octobre<\/strong><\/p>\nLundi 10am &#8211; 11pm<br \/>\nMardi 10am &#8211; 11pm<br \/>\nMercredi 10am &#8211; 11pm<br \/>\nJeudi 10am &#8211; 11pm<br \/>\nVendredi 10am &#8211; 11pm<br \/>\nSamedi 10am &#8211; 11pm<br \/>\nDimanche 11am &#8211; 10pm\n\t<iframe src=\"https:\/\/www.google.com\/maps\/embed\/v1\/place?q=8090+boul.+Langelier%2C+Saint-L%C3%A9onard%2C+QC+H1P+2B9&#038;key=AIzaSyD09zQ9PNDNNy9TadMuzRV_UsPUoWKntt8\" aria-hidden=\"true\" title=\"Adresse du restaurtant C\u00f4te-des-neiges\"><\/iframe>\n\n","protected":false},"excerpt":{"rendered":"<p>Contactez-nous Les succursales Poissonnerie et restaurant Rayan sont situ\u00e9es \u00e0 Montr\u00e9al et Laval. Nous offrons la livraison ! Commandez :\u00a0SkipTheDishes, DoorDash, UberEats Si vous avez des questions ou des commentaires \u00e0 nous adresser, vous pouvez nous joindre de la fa\u00e7on qui vous convient le mieux. N&rsquo;h\u00e9sitez pas \u00e0 nous poser vos questions, notre \u00e9quipe saura [&hellip;]<\/p>\n","protected":false},"author":1,"featured_media":9,"parent":0,"menu_order":0,"comment_status":"closed","ping_status":"closed","template":"template-page-builder.php","meta":{"_genesis_hide_title":false,"_genesis_hide_breadcrumbs":false,"_genesis_hide_singular_image":false,"_genesis_hide_footer_widgets":false,"_genesis_custom_body_class":"","_genesis_custom_post_class":"","_genesis_layout":"","footnotes":""},"class_list":{"0":"post-116","1":"page","2":"type-page","3":"status-publish","4":"has-post-thumbnail","6":"entry"},"_links":{"self":[{"href":"https:\/\/rayan.restaurant\/fr\/wp-json\/wp\/v2\/pages\/116","targetHints":{"allow":["GET"]}}],"collection":[{"href":"https:\/\/rayan.restaurant\/fr\/wp-json\/wp\/v2\/pages"}],"about":[{"href":"https:\/\/rayan.restaurant\/fr\/wp-json\/wp\/v2\/types\/page"}],"author":[{"embeddable":true,"href":"https:\/\/rayan.restaurant\/fr\/wp-json\/wp\/v2\/users\/1"}],"replies":[{"embeddable":true,"href":"https:\/\/rayan.restaurant\/fr\/wp-json\/wp\/v2\/comments?post=116"}],"version-history":[{"count":11,"href":"https:\/\/rayan.restaurant\/fr\/wp-json\/wp\/v2\/pages\/116\/revisions"}],"predecessor-version":[{"id":2868,"href":"https:\/\/rayan.restaurant\/fr\/wp-json\/wp\/v2\/pages\/116\/revisions\/2868"}],"wp:featuredmedia":[{"embeddable":true,"href":"https:\/\/rayan.restaurant\/fr\/wp-json\/wp\/v2\/media\/9"}],"wp:attachment":[{"href":"https:\/\/rayan.restaurant\/fr\/wp-json\/wp\/v2\/media?parent=116"}],"curies":[{"name":"wp","href":"https:\/\/api.w.org\/{rel}","templated":true}]}}